{"id":8710,"date":"2024-07-22T17:32:52","date_gmt":"2024-07-22T17:32:52","guid":{"rendered":"https:\/\/adelgazaperu.pe\/adelgazaperu\/?post_type=product&#038;p=8710"},"modified":"2024-07-22T17:33:07","modified_gmt":"2024-07-22T17:33:07","slug":"gel-corps","status":"publish","type":"product","link":"https:\/\/adelgazaperu.pe\/adelgazaperu\/producto\/gel-corps\/","title":{"rendered":"Gel Corps"},"content":{"rendered":"","protected":false},"excerpt":{"rendered":"<p><i class=\"fa fa-truck\"><\/i> Env\u00edos al todo el pa\u00eds<br \/>\n<i class=\"fa fa-credit-card-alt\"><\/i> 1599 Productos vendidos<\/p>\n<p>Gel Corps es un gel creado para reducir medidas en \u00e1reas con gordura localizada (abdomen, brazos, piernas).<\/p>\n<ul>\n<li>Reduce medidas (2cm\u00a0 a 6cm en 30 min).<\/li>\n<li>Reduce la apariencia de celulitis.<\/li>\n<li>Aten\u00faa estr\u00edas.<\/li>\n<li>Mejora la firmeza de la piel.<\/li>\n<li>Quema\u00a0 grasa localizada.<\/li>\n<\/ul>\n","protected":false},"featured_media":8741,"comment_status":"open","ping_status":"closed","template":"","meta":{"_joinchat":[]},"product_cat":[129],"product_tag":[],"class_list":{"0":"post-8710","1":"product","2":"type-product","3":"status-publish","4":"has-post-thumbnail","6":"product_cat-mantenimiento-de-peso","9":"instock","10":"sale","11":"shipping-taxable","12":"purchasable","13":"product-type-simple"},"yoast_head":"<!-- This site is optimized with the Yoast SEO Premium plugin v22.2 (Yoast SEO v23.9) - https:\/\/yoast.com\/wordpress\/plugins\/seo\/ -->\n<title>Gel Corps - Adelgaza Per\u00fa<\/title>\n<meta name=\"robots\" content=\"index, follow, max-snippet:-1, max-image-preview:large, max-video-preview:-1\" \/>\n<link rel=\"canonical\" href=\"https:\/\/adelgazaperu.pe\/adelgazaperu\/producto\/gel-corps\/\" \/>\n<meta property=\"og:locale\" content=\"es_ES\" \/>\n<meta property=\"og:type\" content=\"article\" \/>\n<meta property=\"og:title\" content=\"Gel Corps\" \/>\n<meta property=\"og:description\" content=\"Env\u00edos al todo el pa\u00eds  1599 Productos vendidos  Gel Corps es un gel creado para reducir medidas en \u00e1reas con gordura localizada (abdomen, brazos, piernas).   Reduce medidas (2cm\u00a0 a 6cm en 30 min).  Reduce la apariencia de celulitis.  Aten\u00faa estr\u00edas.  Mejora la firmeza de la piel.  Quema\u00a0 grasa localizada.\" \/>\n<meta property=\"og:url\" content=\"https:\/\/adelgazaperu.pe\/adelgazaperu\/producto\/gel-corps\/\" \/>\n<meta property=\"og:site_name\" content=\"Adelgaza Per\u00fa\" \/>\n<meta property=\"article:publisher\" content=\"https:\/\/www.facebook.com\/AdelgazaPeruOficial\" \/>\n<meta property=\"article:modified_time\" content=\"2024-07-22T17:33:07+00:00\" \/>\n<meta property=\"og:image\" content=\"https:\/\/adelgazaperu.pe\/adelgazaperu\/adelgazaperu\/http:\/\/adelgazaperu.pe\/adelgazaperu\/adelgazaperu\/wp-content\/uploads\/2024\/07\/6.jpg\" \/>\n\t<meta property=\"og:image:width\" content=\"1024\" \/>\n\t<meta property=\"og:image:height\" content=\"1024\" \/>\n\t<meta property=\"og:image:type\" content=\"image\/jpeg\" \/>\n<meta name=\"twitter:card\" content=\"summary_large_image\" \/>\n<script type=\"application\/ld+json\" class=\"yoast-schema-graph\">{\"@context\":\"https:\/\/schema.org\",\"@graph\":[{\"@type\":\"WebPage\",\"@id\":\"https:\/\/adelgazaperu.pe\/adelgazaperu\/producto\/gel-corps\/\",\"url\":\"https:\/\/adelgazaperu.pe\/adelgazaperu\/producto\/gel-corps\/\",\"name\":\"Gel Corps - Adelgaza Per\u00fa\",\"isPartOf\":{\"@id\":\"https:\/\/adelgazaperu.pe\/adelgazaperu\/#website\"},\"primaryImageOfPage\":{\"@id\":\"https:\/\/adelgazaperu.pe\/adelgazaperu\/producto\/gel-corps\/#primaryimage\"},\"image\":{\"@id\":\"https:\/\/adelgazaperu.pe\/adelgazaperu\/producto\/gel-corps\/#primaryimage\"},\"thumbnailUrl\":\"https:\/\/adelgazaperu.pe\/adelgazaperu\/wp-content\/uploads\/2024\/07\/6.jpg\",\"datePublished\":\"2024-07-22T17:32:52+00:00\",\"dateModified\":\"2024-07-22T17:33:07+00:00\",\"breadcrumb\":{\"@id\":\"https:\/\/adelgazaperu.pe\/adelgazaperu\/producto\/gel-corps\/#breadcrumb\"},\"inLanguage\":\"es\",\"potentialAction\":[{\"@type\":\"ReadAction\",\"target\":[\"https:\/\/adelgazaperu.pe\/adelgazaperu\/producto\/gel-corps\/\"]}]},{\"@type\":\"ImageObject\",\"inLanguage\":\"es\",\"@id\":\"https:\/\/adelgazaperu.pe\/adelgazaperu\/producto\/gel-corps\/#primaryimage\",\"url\":\"https:\/\/adelgazaperu.pe\/adelgazaperu\/wp-content\/uploads\/2024\/07\/6.jpg\",\"contentUrl\":\"https:\/\/adelgazaperu.pe\/adelgazaperu\/wp-content\/uploads\/2024\/07\/6.jpg\",\"width\":1024,\"height\":1024},{\"@type\":\"BreadcrumbList\",\"@id\":\"https:\/\/adelgazaperu.pe\/adelgazaperu\/producto\/gel-corps\/#breadcrumb\",\"itemListElement\":[{\"@type\":\"ListItem\",\"position\":1,\"name\":\"Portada\",\"item\":\"https:\/\/adelgazaperu.pe\/adelgazaperu\/\"},{\"@type\":\"ListItem\",\"position\":2,\"name\":\"Tienda\",\"item\":\"https:\/\/adelgazaperu.pe\/adelgazaperu\/tienda\/\"},{\"@type\":\"ListItem\",\"position\":3,\"name\":\"Gel Corps\"}]},{\"@type\":\"WebSite\",\"@id\":\"https:\/\/adelgazaperu.pe\/adelgazaperu\/#website\",\"url\":\"https:\/\/adelgazaperu.pe\/adelgazaperu\/\",\"name\":\"Adelgaza Per\u00fa\",\"description\":\"Personas que ayudan Personas\",\"publisher\":{\"@id\":\"https:\/\/adelgazaperu.pe\/adelgazaperu\/#organization\"},\"potentialAction\":[{\"@type\":\"SearchAction\",\"target\":{\"@type\":\"EntryPoint\",\"urlTemplate\":\"https:\/\/adelgazaperu.pe\/adelgazaperu\/?s={search_term_string}\"},\"query-input\":{\"@type\":\"PropertyValueSpecification\",\"valueRequired\":true,\"valueName\":\"search_term_string\"}}],\"inLanguage\":\"es\"},{\"@type\":\"Organization\",\"@id\":\"https:\/\/adelgazaperu.pe\/adelgazaperu\/#organization\",\"name\":\"Adelgaza Per\u00fa\",\"url\":\"https:\/\/adelgazaperu.pe\/adelgazaperu\/\",\"logo\":{\"@type\":\"ImageObject\",\"inLanguage\":\"es\",\"@id\":\"https:\/\/adelgazaperu.pe\/adelgazaperu\/#\/schema\/logo\/image\/\",\"url\":\"https:\/\/adelgazaperu.pe\/adelgazaperu\/wp-content\/uploads\/2020\/10\/logo1.png\",\"contentUrl\":\"https:\/\/adelgazaperu.pe\/adelgazaperu\/wp-content\/uploads\/2020\/10\/logo1.png\",\"width\":2683,\"height\":970,\"caption\":\"Adelgaza Per\u00fa\"},\"image\":{\"@id\":\"https:\/\/adelgazaperu.pe\/adelgazaperu\/#\/schema\/logo\/image\/\"},\"sameAs\":[\"https:\/\/www.facebook.com\/AdelgazaPeruOficial\",\"https:\/\/www.instagram.com\/adelgazaperuoficial\/\",\"https:\/\/www.youtube.com\/c\/AdelgazaPerOficial\",\"https:\/\/www.tiktok.com\/@adelgazaperuoficial\"],\"description\":\"Adelgaza Per\u00fa con 8 a\u00f1os de trayectoria ofrece soluciones personalizadas para la p\u00e9rdida de peso, ayudando a miles de personas a alcanzar sus metas de manera efectiva.\",\"email\":\"calidad@adelgazaperu.pe\",\"telephone\":\"01 7397149\",\"legalName\":\"Adelgaza Per\u00fa\"}]}<\/script>\n<!-- \/ Yoast SEO Premium plugin. -->","yoast_head_json":{"title":"Gel Corps - Adelgaza Per\u00fa","robots":{"index":"index","follow":"follow","max-snippet":"max-snippet:-1","max-image-preview":"max-image-preview:large","max-video-preview":"max-video-preview:-1"},"canonical":"https:\/\/adelgazaperu.pe\/adelgazaperu\/producto\/gel-corps\/","og_locale":"es_ES","og_type":"article","og_title":"Gel Corps","og_description":"Env\u00edos al todo el pa\u00eds  1599 Productos vendidos  Gel Corps es un gel creado para reducir medidas en \u00e1reas con gordura localizada (abdomen, brazos, piernas).   Reduce medidas (2cm\u00a0 a 6cm en 30 min).  Reduce la apariencia de celulitis.  Aten\u00faa estr\u00edas.  Mejora la firmeza de la piel.  Quema\u00a0 grasa localizada.","og_url":"https:\/\/adelgazaperu.pe\/adelgazaperu\/producto\/gel-corps\/","og_site_name":"Adelgaza Per\u00fa","article_publisher":"https:\/\/www.facebook.com\/AdelgazaPeruOficial","article_modified_time":"2024-07-22T17:33:07+00:00","og_image":[{"width":1024,"height":1024,"url":"https:\/\/adelgazaperu.pe\/adelgazaperu\/adelgazaperu\/http:\/\/adelgazaperu.pe\/adelgazaperu\/adelgazaperu\/wp-content\/uploads\/2024\/07\/6.jpg","type":"image\/jpeg"}],"twitter_card":"summary_large_image","schema":{"@context":"https:\/\/schema.org","@graph":[{"@type":"WebPage","@id":"https:\/\/adelgazaperu.pe\/adelgazaperu\/producto\/gel-corps\/","url":"https:\/\/adelgazaperu.pe\/adelgazaperu\/producto\/gel-corps\/","name":"Gel Corps - Adelgaza Per\u00fa","isPartOf":{"@id":"https:\/\/adelgazaperu.pe\/adelgazaperu\/#website"},"primaryImageOfPage":{"@id":"https:\/\/adelgazaperu.pe\/adelgazaperu\/producto\/gel-corps\/#primaryimage"},"image":{"@id":"https:\/\/adelgazaperu.pe\/adelgazaperu\/producto\/gel-corps\/#primaryimage"},"thumbnailUrl":"https:\/\/adelgazaperu.pe\/adelgazaperu\/wp-content\/uploads\/2024\/07\/6.jpg","datePublished":"2024-07-22T17:32:52+00:00","dateModified":"2024-07-22T17:33:07+00:00","breadcrumb":{"@id":"https:\/\/adelgazaperu.pe\/adelgazaperu\/producto\/gel-corps\/#breadcrumb"},"inLanguage":"es","potentialAction":[{"@type":"ReadAction","target":["https:\/\/adelgazaperu.pe\/adelgazaperu\/producto\/gel-corps\/"]}]},{"@type":"ImageObject","inLanguage":"es","@id":"https:\/\/adelgazaperu.pe\/adelgazaperu\/producto\/gel-corps\/#primaryimage","url":"https:\/\/adelgazaperu.pe\/adelgazaperu\/wp-content\/uploads\/2024\/07\/6.jpg","contentUrl":"https:\/\/adelgazaperu.pe\/adelgazaperu\/wp-content\/uploads\/2024\/07\/6.jpg","width":1024,"height":1024},{"@type":"BreadcrumbList","@id":"https:\/\/adelgazaperu.pe\/adelgazaperu\/producto\/gel-corps\/#breadcrumb","itemListElement":[{"@type":"ListItem","position":1,"name":"Portada","item":"https:\/\/adelgazaperu.pe\/adelgazaperu\/"},{"@type":"ListItem","position":2,"name":"Tienda","item":"https:\/\/adelgazaperu.pe\/adelgazaperu\/tienda\/"},{"@type":"ListItem","position":3,"name":"Gel Corps"}]},{"@type":"WebSite","@id":"https:\/\/adelgazaperu.pe\/adelgazaperu\/#website","url":"https:\/\/adelgazaperu.pe\/adelgazaperu\/","name":"Adelgaza Per\u00fa","description":"Personas que ayudan Personas","publisher":{"@id":"https:\/\/adelgazaperu.pe\/adelgazaperu\/#organization"},"potentialAction":[{"@type":"SearchAction","target":{"@type":"EntryPoint","urlTemplate":"https:\/\/adelgazaperu.pe\/adelgazaperu\/?s={search_term_string}"},"query-input":{"@type":"PropertyValueSpecification","valueRequired":true,"valueName":"search_term_string"}}],"inLanguage":"es"},{"@type":"Organization","@id":"https:\/\/adelgazaperu.pe\/adelgazaperu\/#organization","name":"Adelgaza Per\u00fa","url":"https:\/\/adelgazaperu.pe\/adelgazaperu\/","logo":{"@type":"ImageObject","inLanguage":"es","@id":"https:\/\/adelgazaperu.pe\/adelgazaperu\/#\/schema\/logo\/image\/","url":"https:\/\/adelgazaperu.pe\/adelgazaperu\/wp-content\/uploads\/2020\/10\/logo1.png","contentUrl":"https:\/\/adelgazaperu.pe\/adelgazaperu\/wp-content\/uploads\/2020\/10\/logo1.png","width":2683,"height":970,"caption":"Adelgaza Per\u00fa"},"image":{"@id":"https:\/\/adelgazaperu.pe\/adelgazaperu\/#\/schema\/logo\/image\/"},"sameAs":["https:\/\/www.facebook.com\/AdelgazaPeruOficial","https:\/\/www.instagram.com\/adelgazaperuoficial\/","https:\/\/www.youtube.com\/c\/AdelgazaPerOficial","https:\/\/www.tiktok.com\/@adelgazaperuoficial"],"description":"Adelgaza Per\u00fa con 8 a\u00f1os de trayectoria ofrece soluciones personalizadas para la p\u00e9rdida de peso, ayudando a miles de personas a alcanzar sus metas de manera efectiva.","email":"calidad@adelgazaperu.pe","telephone":"01 7397149","legalName":"Adelgaza Per\u00fa"}]}},"_links":{"self":[{"href":"https:\/\/adelgazaperu.pe\/adelgazaperu\/wp-json\/wp\/v2\/product\/8710","targetHints":{"allow":["GET"]}}],"collection":[{"href":"https:\/\/adelgazaperu.pe\/adelgazaperu\/wp-json\/wp\/v2\/product"}],"about":[{"href":"https:\/\/adelgazaperu.pe\/adelgazaperu\/wp-json\/wp\/v2\/types\/product"}],"replies":[{"embeddable":true,"href":"https:\/\/adelgazaperu.pe\/adelgazaperu\/wp-json\/wp\/v2\/comments?post=8710"}],"version-history":[{"count":0,"href":"https:\/\/adelgazaperu.pe\/adelgazaperu\/wp-json\/wp\/v2\/product\/8710\/revisions"}],"wp:featuredmedia":[{"embeddable":true,"href":"https:\/\/adelgazaperu.pe\/adelgazaperu\/wp-json\/wp\/v2\/media\/8741"}],"wp:attachment":[{"href":"https:\/\/adelgazaperu.pe\/adelgazaperu\/wp-json\/wp\/v2\/media?parent=8710"}],"wp:term":[{"taxonomy":"product_cat","embeddable":true,"href":"https:\/\/adelgazaperu.pe\/adelgazaperu\/wp-json\/wp\/v2\/product_cat?post=8710"},{"taxonomy":"product_tag","embeddable":true,"href":"https:\/\/adelgazaperu.pe\/adelgazaperu\/wp-json\/wp\/v2\/product_tag?post=8710"}],"curies":[{"name":"wp","href":"https:\/\/api.w.org\/{rel}","templated":true}]}}